{"id":2691,"date":"2024-01-06T18:04:41","date_gmt":"2024-01-06T18:04:41","guid":{"rendered":"https:\/\/wordpress.validthemes.net\/agrica\/?page_id=2691"},"modified":"2025-01-01T20:30:42","modified_gmt":"2025-01-01T20:30:42","slug":"ay-isi-kepenk","status":"publish","type":"page","link":"https:\/\/ayisigikepenk.com.tr\/?page_id=2691","title":{"rendered":"Hizmetlerimiz"},"content":{"rendered":"\t\t<div data-elementor-type=\"wp-page\" data-elementor-id=\"2691\" class=\"elementor elementor-2691\">\n\t\t\t\t<div class=\"elementor-element elementor-element-826e416 e-con-full e-flex e-con e-parent\" data-id=\"826e416\" data-element_type=\"container\">\n\t\t\t\t<div class=\"elementor-element elementor-element-989c74a elementor-widget elementor-widget-agricagalleryes\" data-id=\"989c74a\" data-element_type=\"widget\" data-widget_type=\"agricagalleryes.default\">\n\t\t\t\t<div class=\"elementor-widget-container\">\n\t\t\t<div class=\"gallery-style-two-area\"><div class=\"container\"><div class=\"row\"><div class=\"col-md-12 gallery-content\"><div class=\"magnific-mix-gallery gallery-masonary\"><div id=\"gallery-masonary\" class=\"gallery-items colums-3\"><!-- Single Item --><div class=\"gallery-item  \"><div class=\"gallery-style-one\"><img decoding=\"async\" src=\"https:\/\/ayisigikepenk.com.tr\/wp-content\/uploads\/2024\/10\/3.png\" alt=\"Ay%20I\u015f\u0131\u011f\u0131%20Kepenk\"  \/><div class=\"overlay\"><p class=\"vt-f-title\">Ferforje<\/p><h4 class=\"vt-f-text\"><a href=\"\">Ay \u0131\u015f\u0131 kepenk<\/a><\/h4><\/div><\/div><\/div><!-- End Single Item --><!-- Single Item --><div class=\"gallery-item  width\"><div class=\"gallery-style-one\"><img decoding=\"async\" src=\"https:\/\/ayisigikepenk.com.tr\/wp-content\/uploads\/2024\/10\/5.png\" alt=\"Ay%20I\u015f\u0131\u011f\u0131%20Kepenk\"  \/><div class=\"overlay\"><p class=\"vt-f-title\">Tel daraba<\/p><h4 class=\"vt-f-text\"><a href=\"\">Ay \u0131\u015f\u0131 kepenk<\/a><\/h4><\/div><\/div><\/div><!-- End Single Item --><!-- Single Item --><div class=\"gallery-item  \"><div class=\"gallery-style-one\"><img decoding=\"async\" src=\"https:\/\/ayisigikepenk.com.tr\/wp-content\/uploads\/2024\/10\/steptodown.com674967.jpg\" alt=\"Ay%20I\u015f\u0131\u011f\u0131%20Kepenk\"  \/><div class=\"overlay\"><p class=\"vt-f-title\">Kepenk <\/p><h4 class=\"vt-f-text\"><a href=\"\">Ay \u0131\u015f\u0131 kepenk<\/a><\/h4><\/div><\/div><\/div><!-- End Single Item --><!-- Single Item --><div class=\"gallery-item  \"><div class=\"gallery-style-one\"><img decoding=\"async\" src=\"https:\/\/ayisigikepenk.com.tr\/wp-content\/uploads\/2024\/10\/steptodown.com786192.jpg\" alt=\"Ay%20I\u015f\u0131\u011f\u0131%20Kepenk\"  \/><div class=\"overlay\"><p class=\"vt-f-title\">Otomatik kepenk<\/p><h4 class=\"vt-f-text\"><a href=\"\">Ay \u0131\u015f\u0131 kepenk<\/a><\/h4><\/div><\/div><\/div><!-- End Single Item --><!-- Single Item --><div class=\"gallery-item  \"><div class=\"gallery-style-one\"><img decoding=\"async\" src=\"https:\/\/ayisigikepenk.com.tr\/wp-content\/uploads\/2024\/10\/steptodown.com972315.jpg\" alt=\"Ay%20I\u015f\u0131\u011f\u0131%20Kepenk\"  \/><div class=\"overlay\"><p class=\"vt-f-title\">Kepenk sistemleri<\/p><h4 class=\"vt-f-text\"><a href=\"\">Ay \u0131\u015f\u0131 kepenk<\/a><\/h4><\/div><\/div><\/div><!-- End Single Item --><\/div><\/div><\/div><\/div><\/div><\/div>\t\t<\/div>\n\t\t\t\t<\/div>\n\t\t\t\t<\/div>\n\t\t\t\t<\/div>\n\t\t","protected":false},"excerpt":{"rendered":"<p>Ferforje Ay \u0131\u015f\u0131 kepenk Tel daraba Ay \u0131\u015f\u0131 kepenk Kepenk Ay \u0131\u015f\u0131 kepenk Otomatik kepenk Ay \u0131\u015f\u0131 kepenk Kepenk sistemleri Ay \u0131\u015f\u0131 kepenk<\/p>\n","protected":false},"author":1,"featured_media":3082,"parent":0,"menu_order":0,"comment_status":"closed","ping_status":"closed","template":"","meta":{"om_disable_all_campaigns":false,"_monsterinsights_skip_tracking":false,"_monsterinsights_sitenote_active":false,"_monsterinsights_sitenote_note":"","_monsterinsights_sitenote_category":0,"footnotes":""},"class_list":["post-2691","page","type-page","status-publish","has-post-thumbnail","hentry"],"yoast_head":"<!-- This site is optimized with the Yoast SEO plugin v24.7 - https:\/\/yoast.com\/wordpress\/plugins\/seo\/ -->\n<title>Hizmetlerimiz - Ay I\u015f\u0131\u011f\u0131 Kepenk<\/title>\n<meta name=\"description\" content=\"Elaz\u0131\u011f da kepenk , otomatik kepenk sistemleri, tel daraba, ferforje korkuluk sistemleriye Elaz\u0131\u011f da hizmetinizdeyiz.\" \/>\n<meta name=\"robots\" content=\"index, follow, max-snippet:-1, max-image-preview:large, max-video-preview:-1\" \/>\n<link rel=\"canonical\" href=\"https:\/\/ayisigikepenk.com.tr\/?page_id=2691\" \/>\n<meta property=\"og:locale\" content=\"tr_TR\" \/>\n<meta property=\"og:type\" content=\"article\" \/>\n<meta property=\"og:title\" content=\"Hizmetlerimiz - Ay I\u015f\u0131\u011f\u0131 Kepenk\" \/>\n<meta property=\"og:description\" content=\"Elaz\u0131\u011f da kepenk , otomatik kepenk sistemleri, tel daraba, ferforje korkuluk sistemleriye Elaz\u0131\u011f da hizmetinizdeyiz.\" \/>\n<meta property=\"og:url\" content=\"https:\/\/ayisigikepenk.com.tr\/?page_id=2691\" \/>\n<meta property=\"og:site_name\" content=\"Ay I\u015f\u0131\u011f\u0131 Kepenk\" \/>\n<meta property=\"article:modified_time\" content=\"2025-01-01T20:30:42+00:00\" \/>\n<meta property=\"og:image\" content=\"https:\/\/ayisigikepenk.com.tr\/wp-content\/uploads\/2024\/10\/444.png\" \/>\n\t<meta property=\"og:image:width\" content=\"689\" \/>\n\t<meta property=\"og:image:height\" content=\"800\" \/>\n\t<meta property=\"og:image:type\" content=\"image\/png\" \/>\n<meta name=\"twitter:card\" content=\"summary_large_image\" \/>\n<meta name=\"twitter:label1\" content=\"Tahmini okuma s\u00fcresi\" \/>\n\t<meta name=\"twitter:data1\" content=\"2 dakika\" \/>\n<script type=\"application\/ld+json\" class=\"yoast-schema-graph\">{\"@context\":\"https:\/\/schema.org\",\"@graph\":[{\"@type\":\"WebPage\",\"@id\":\"https:\/\/ayisigikepenk.com.tr\/?page_id=2691\",\"url\":\"https:\/\/ayisigikepenk.com.tr\/?page_id=2691\",\"name\":\"Hizmetlerimiz - Ay I\u015f\u0131\u011f\u0131 Kepenk\",\"isPartOf\":{\"@id\":\"https:\/\/ayisigikepenk.com.tr\/#website\"},\"primaryImageOfPage\":{\"@id\":\"https:\/\/ayisigikepenk.com.tr\/?page_id=2691#primaryimage\"},\"image\":{\"@id\":\"https:\/\/ayisigikepenk.com.tr\/?page_id=2691#primaryimage\"},\"thumbnailUrl\":\"https:\/\/ayisigikepenk.com.tr\/wp-content\/uploads\/2024\/10\/444.png\",\"datePublished\":\"2024-01-06T18:04:41+00:00\",\"dateModified\":\"2025-01-01T20:30:42+00:00\",\"description\":\"Elaz\u0131\u011f da kepenk , otomatik kepenk sistemleri, tel daraba, ferforje korkuluk sistemleriye Elaz\u0131\u011f da hizmetinizdeyiz.\",\"breadcrumb\":{\"@id\":\"https:\/\/ayisigikepenk.com.tr\/?page_id=2691#breadcrumb\"},\"inLanguage\":\"tr\",\"potentialAction\":[{\"@type\":\"ReadAction\",\"target\":[\"https:\/\/ayisigikepenk.com.tr\/?page_id=2691\"]}]},{\"@type\":\"ImageObject\",\"inLanguage\":\"tr\",\"@id\":\"https:\/\/ayisigikepenk.com.tr\/?page_id=2691#primaryimage\",\"url\":\"https:\/\/ayisigikepenk.com.tr\/wp-content\/uploads\/2024\/10\/444.png\",\"contentUrl\":\"https:\/\/ayisigikepenk.com.tr\/wp-content\/uploads\/2024\/10\/444.png\",\"width\":689,\"height\":800},{\"@type\":\"BreadcrumbList\",\"@id\":\"https:\/\/ayisigikepenk.com.tr\/?page_id=2691#breadcrumb\",\"itemListElement\":[{\"@type\":\"ListItem\",\"position\":1,\"name\":\"Anasayfa\",\"item\":\"https:\/\/ayisigikepenk.com.tr\/\"},{\"@type\":\"ListItem\",\"position\":2,\"name\":\"Hizmetlerimiz\"}]},{\"@type\":\"WebSite\",\"@id\":\"https:\/\/ayisigikepenk.com.tr\/#website\",\"url\":\"https:\/\/ayisigikepenk.com.tr\/\",\"name\":\"Ay I\u015f\u0131\u011f\u0131 Kepenk\",\"description\":\"Kalite ve Uygunluk\",\"publisher\":{\"@id\":\"https:\/\/ayisigikepenk.com.tr\/#\/schema\/person\/a58d312fe0852f96fefe36bae6c81a1e\"},\"potentialAction\":[{\"@type\":\"SearchAction\",\"target\":{\"@type\":\"EntryPoint\",\"urlTemplate\":\"https:\/\/ayisigikepenk.com.tr\/?s={search_term_string}\"},\"query-input\":{\"@type\":\"PropertyValueSpecification\",\"valueRequired\":true,\"valueName\":\"search_term_string\"}}],\"inLanguage\":\"tr\"},{\"@type\":[\"Person\",\"Organization\"],\"@id\":\"https:\/\/ayisigikepenk.com.tr\/#\/schema\/person\/a58d312fe0852f96fefe36bae6c81a1e\",\"name\":\"admin\",\"image\":{\"@type\":\"ImageObject\",\"inLanguage\":\"tr\",\"@id\":\"https:\/\/ayisigikepenk.com.tr\/#\/schema\/person\/image\/\",\"url\":\"https:\/\/ayisigikepenk.com.tr\/wp-content\/uploads\/2024\/01\/logo.png\",\"contentUrl\":\"https:\/\/ayisigikepenk.com.tr\/wp-content\/uploads\/2024\/01\/logo.png\",\"width\":790,\"height\":242,\"caption\":\"admin\"},\"logo\":{\"@id\":\"https:\/\/ayisigikepenk.com.tr\/#\/schema\/person\/image\/\"},\"sameAs\":[\"https:\/\/ayisigikepenk.com.tr\"]}]}<\/script>\n<!-- \/ Yoast SEO plugin. -->","yoast_head_json":{"title":"Hizmetlerimiz - Ay I\u015f\u0131\u011f\u0131 Kepenk","description":"Elaz\u0131\u011f da kepenk , otomatik kepenk sistemleri, tel daraba, ferforje korkuluk sistemleriye Elaz\u0131\u011f da hizmetinizdeyiz.","robots":{"index":"index","follow":"follow","max-snippet":"max-snippet:-1","max-image-preview":"max-image-preview:large","max-video-preview":"max-video-preview:-1"},"canonical":"https:\/\/ayisigikepenk.com.tr\/?page_id=2691","og_locale":"tr_TR","og_type":"article","og_title":"Hizmetlerimiz - Ay I\u015f\u0131\u011f\u0131 Kepenk","og_description":"Elaz\u0131\u011f da kepenk , otomatik kepenk sistemleri, tel daraba, ferforje korkuluk sistemleriye Elaz\u0131\u011f da hizmetinizdeyiz.","og_url":"https:\/\/ayisigikepenk.com.tr\/?page_id=2691","og_site_name":"Ay I\u015f\u0131\u011f\u0131 Kepenk","article_modified_time":"2025-01-01T20:30:42+00:00","og_image":[{"width":689,"height":800,"url":"https:\/\/ayisigikepenk.com.tr\/wp-content\/uploads\/2024\/10\/444.png","type":"image\/png"}],"twitter_card":"summary_large_image","twitter_misc":{"Tahmini okuma s\u00fcresi":"2 dakika"},"schema":{"@context":"https:\/\/schema.org","@graph":[{"@type":"WebPage","@id":"https:\/\/ayisigikepenk.com.tr\/?page_id=2691","url":"https:\/\/ayisigikepenk.com.tr\/?page_id=2691","name":"Hizmetlerimiz - Ay I\u015f\u0131\u011f\u0131 Kepenk","isPartOf":{"@id":"https:\/\/ayisigikepenk.com.tr\/#website"},"primaryImageOfPage":{"@id":"https:\/\/ayisigikepenk.com.tr\/?page_id=2691#primaryimage"},"image":{"@id":"https:\/\/ayisigikepenk.com.tr\/?page_id=2691#primaryimage"},"thumbnailUrl":"https:\/\/ayisigikepenk.com.tr\/wp-content\/uploads\/2024\/10\/444.png","datePublished":"2024-01-06T18:04:41+00:00","dateModified":"2025-01-01T20:30:42+00:00","description":"Elaz\u0131\u011f da kepenk , otomatik kepenk sistemleri, tel daraba, ferforje korkuluk sistemleriye Elaz\u0131\u011f da hizmetinizdeyiz.","breadcrumb":{"@id":"https:\/\/ayisigikepenk.com.tr\/?page_id=2691#breadcrumb"},"inLanguage":"tr","potentialAction":[{"@type":"ReadAction","target":["https:\/\/ayisigikepenk.com.tr\/?page_id=2691"]}]},{"@type":"ImageObject","inLanguage":"tr","@id":"https:\/\/ayisigikepenk.com.tr\/?page_id=2691#primaryimage","url":"https:\/\/ayisigikepenk.com.tr\/wp-content\/uploads\/2024\/10\/444.png","contentUrl":"https:\/\/ayisigikepenk.com.tr\/wp-content\/uploads\/2024\/10\/444.png","width":689,"height":800},{"@type":"BreadcrumbList","@id":"https:\/\/ayisigikepenk.com.tr\/?page_id=2691#breadcrumb","itemListElement":[{"@type":"ListItem","position":1,"name":"Anasayfa","item":"https:\/\/ayisigikepenk.com.tr\/"},{"@type":"ListItem","position":2,"name":"Hizmetlerimiz"}]},{"@type":"WebSite","@id":"https:\/\/ayisigikepenk.com.tr\/#website","url":"https:\/\/ayisigikepenk.com.tr\/","name":"Ay I\u015f\u0131\u011f\u0131 Kepenk","description":"Kalite ve Uygunluk","publisher":{"@id":"https:\/\/ayisigikepenk.com.tr\/#\/schema\/person\/a58d312fe0852f96fefe36bae6c81a1e"},"potentialAction":[{"@type":"SearchAction","target":{"@type":"EntryPoint","urlTemplate":"https:\/\/ayisigikepenk.com.tr\/?s={search_term_string}"},"query-input":{"@type":"PropertyValueSpecification","valueRequired":true,"valueName":"search_term_string"}}],"inLanguage":"tr"},{"@type":["Person","Organization"],"@id":"https:\/\/ayisigikepenk.com.tr\/#\/schema\/person\/a58d312fe0852f96fefe36bae6c81a1e","name":"admin","image":{"@type":"ImageObject","inLanguage":"tr","@id":"https:\/\/ayisigikepenk.com.tr\/#\/schema\/person\/image\/","url":"https:\/\/ayisigikepenk.com.tr\/wp-content\/uploads\/2024\/01\/logo.png","contentUrl":"https:\/\/ayisigikepenk.com.tr\/wp-content\/uploads\/2024\/01\/logo.png","width":790,"height":242,"caption":"admin"},"logo":{"@id":"https:\/\/ayisigikepenk.com.tr\/#\/schema\/person\/image\/"},"sameAs":["https:\/\/ayisigikepenk.com.tr"]}]}},"_links":{"self":[{"href":"https:\/\/ayisigikepenk.com.tr\/index.php?rest_route=\/wp\/v2\/pages\/2691","targetHints":{"allow":["GET"]}}],"collection":[{"href":"https:\/\/ayisigikepenk.com.tr\/index.php?rest_route=\/wp\/v2\/pages"}],"about":[{"href":"https:\/\/ayisigikepenk.com.tr\/index.php?rest_route=\/wp\/v2\/types\/page"}],"author":[{"embeddable":true,"href":"https:\/\/ayisigikepenk.com.tr\/index.php?rest_route=\/wp\/v2\/users\/1"}],"replies":[{"embeddable":true,"href":"https:\/\/ayisigikepenk.com.tr\/index.php?rest_route=%2Fwp%2Fv2%2Fcomments&post=2691"}],"version-history":[{"count":26,"href":"https:\/\/ayisigikepenk.com.tr\/index.php?rest_route=\/wp\/v2\/pages\/2691\/revisions"}],"predecessor-version":[{"id":3203,"href":"https:\/\/ayisigikepenk.com.tr\/index.php?rest_route=\/wp\/v2\/pages\/2691\/revisions\/3203"}],"wp:featuredmedia":[{"embeddable":true,"href":"https:\/\/ayisigikepenk.com.tr\/index.php?rest_route=\/wp\/v2\/media\/3082"}],"wp:attachment":[{"href":"https:\/\/ayisigikepenk.com.tr\/index.php?rest_route=%2Fwp%2Fv2%2Fmedia&parent=2691"}],"curies":[{"name":"wp","href":"https:\/\/api.w.org\/{rel}","templated":true}]}}