{"id":2667,"date":"2024-01-06T17:35:03","date_gmt":"2024-01-06T17:35:03","guid":{"rendered":"https:\/\/wordpress.validthemes.net\/agrica\/?page_id=2667"},"modified":"2025-01-01T20:31:04","modified_gmt":"2025-01-01T20:31:04","slug":"ay-isi-kepenk-2","status":"publish","type":"page","link":"https:\/\/ayisigikepenk.com.tr\/?page_id=2667","title":{"rendered":"\u0130leti\u015fim"},"content":{"rendered":"\t\t<div data-elementor-type=\"wp-page\" data-elementor-id=\"2667\" class=\"elementor elementor-2667\">\n\t\t\t\t<div class=\"elementor-element elementor-element-2a99bd8 e-con-full contact-page e-flex e-con e-parent\" data-id=\"2a99bd8\" data-element_type=\"container\" data-settings=\"{&quot;background_background&quot;:&quot;classic&quot;}\">\n\t\t\t\t<\/div>\n\t\t<div class=\"elementor-element elementor-element-7b2b8c3 e-flex e-con-boxed e-con e-parent\" data-id=\"7b2b8c3\" data-element_type=\"container\">\n\t\t\t\t\t<div class=\"e-con-inner\">\n\t\t\t\t<div class=\"elementor-element elementor-element-a23e828 elementor-widget elementor-widget-google_maps\" data-id=\"a23e828\" data-element_type=\"widget\" data-widget_type=\"google_maps.default\">\n\t\t\t\t<div class=\"elementor-widget-container\">\n\t\t\t\t\t<div class=\"elementor-custom-embed\">\n\t\t\t<iframe loading=\"lazy\"\n\t\t\t\t\tsrc=\"https:\/\/maps.google.com\/maps?q=Sanay%20Sitesi%20Demirciler%20Meydan%C4%B1%20%20No%3A8%20%3Cbr%3E%20Elaz%C4%B1%C4%9F%2FMerkez&#038;t=m&#038;z=15&#038;output=embed&#038;iwloc=near\"\n\t\t\t\t\ttitle=\"Sanay Sitesi Demirciler Meydan\u0131  No:8 &lt;br&gt; Elaz\u0131\u011f\/Merkez\"\n\t\t\t\t\taria-label=\"Sanay Sitesi Demirciler Meydan\u0131  No:8 &lt;br&gt; Elaz\u0131\u011f\/Merkez\"\n\t\t\t><\/iframe>\n\t\t<\/div>\n\t\t\t\t<\/div>\n\t\t\t\t<\/div>\n\t\t\t\t\t<\/div>\n\t\t\t\t<\/div>\n\t\t<div class=\"elementor-element elementor-element-d951321 e-flex e-con-boxed e-con e-parent\" data-id=\"d951321\" data-element_type=\"container\">\n\t\t\t\t\t<div class=\"e-con-inner\">\n\t\t\t\t<div class=\"elementor-element elementor-element-22f9464 elementor-widget elementor-widget-agricacontactinfo\" data-id=\"22f9464\" data-element_type=\"widget\" data-widget_type=\"agricacontactinfo.default\">\n\t\t\t\t<div class=\"elementor-widget-container\">\n\t\t\t<div class=\"contact-area overflow-hidden default-padding\"><div class=\"sahpe-right-bottom\"><img decoding=\"async\" src=\"https:\/\/ayisigikepenk.com.tr\/wp-content\/uploads\/2024\/10\/444.png\" alt=\"Image Not Found\"><\/div><div class=\"container\"><div class=\"row align-center\"><div class=\"col-tact-stye-one col-xl-6 col-lg-7\"><div class=\"contact-form-style-one mb-md-50\"><img decoding=\"async\" src=\"https:\/\/ayisigikepenk.com.tr\/wp-content\/uploads\/2024\/10\/steptodown.com803516.jpg\" alt=\"Image Not Found\"><h5 class=\"sub-title\">Bize Ula\u015fa Biliriniz....<\/h5> <h2 class=\"heading\">\u0130leti\u015fim Asistan\u0131<\/h2><\/div><\/div><div class=\"col-tact-stye-one col-xl-5 offset-xl-1 col-lg-5\"><div class=\"contact-style-one-info text-light\"><h2>\u0130leti\u015fim Asistan\u0131<\/h2><p>M\u00fc\u015fterilerimizin geri bildirimleri, kalitemizi ve hizmet anlay\u0131\u015f\u0131m\u0131z\u0131 geli\u015ftirmenin en \u00f6nemli yoludur. Siz de bize g\u00fcvenen m\u00fc\u015fterilerimiz aras\u0131na kat\u0131l\u0131n!<\/p><ul><li><div class=\"content\"><h5 class=\"title\">Telefon:<\/h5><a href=\"tel:05324885417\">0532 488 54 17<\/a><\/div><\/li><li><div class=\"info\"><h5 class=\"title\">Adres:<\/h5><p>Sanay Sitesi Demirciler Meydan\u0131  No:8 <br> Elaz\u0131\u011f\/Merkez<\/p><\/div><\/li><\/ul><\/div><\/div><\/div><\/div><\/div>\t\t<\/div>\n\t\t\t\t<\/div>\n\t\t\t\t\t<\/div>\n\t\t\t\t<\/div>\n\t\t\t\t<\/div>\n\t\t","protected":false},"excerpt":{"rendered":"<p>Bize Ula\u015fa Biliriniz&#8230;. \u0130leti\u015fim Asistan\u0131 \u0130leti\u015fim Asistan\u0131 M\u00fc\u015fterilerimizin geri bildirimleri, kalitemizi ve hizmet anlay\u0131\u015f\u0131m\u0131z\u0131 geli\u015ftirmenin en \u00f6nemli yoludur. Siz de bize g\u00fcvenen m\u00fc\u015fterilerimiz aras\u0131na kat\u0131l\u0131n! Telefon: 0532 488 54 17 Adres: Sanay Sitesi Demirciler Meydan\u0131 No:8 Elaz\u0131\u011f\/Merkez<\/p>\n","protected":false},"author":1,"featured_media":0,"parent":0,"menu_order":0,"comment_status":"closed","ping_status":"closed","template":"template-builder.php","meta":{"om_disable_all_campaigns":false,"_monsterinsights_skip_tracking":false,"_monsterinsights_sitenote_active":false,"_monsterinsights_sitenote_note":"","_monsterinsights_sitenote_category":0,"footnotes":""},"class_list":["post-2667","page","type-page","status-publish","hentry"],"yoast_head":"<!-- This site is optimized with the Yoast SEO plugin v24.7 - https:\/\/yoast.com\/wordpress\/plugins\/seo\/ -->\n<title>\u0130leti\u015fim - Ay I\u015f\u0131\u011f\u0131 Kepenk<\/title>\n<meta name=\"description\" content=\"Elaz\u0131\u011f da kepenk , otomatik kepenk sistemleri, tel daraba, ferforje korkuluk sistemleriye Elaz\u0131\u011f da hizmetinizdeyiz.\" \/>\n<meta name=\"robots\" content=\"index, follow, max-snippet:-1, max-image-preview:large, max-video-preview:-1\" \/>\n<link rel=\"canonical\" href=\"https:\/\/ayisigikepenk.com.tr\/?page_id=2667\" \/>\n<meta property=\"og:locale\" content=\"tr_TR\" \/>\n<meta property=\"og:type\" content=\"article\" \/>\n<meta property=\"og:title\" content=\"\u0130leti\u015fim - Ay I\u015f\u0131\u011f\u0131 Kepenk\" \/>\n<meta property=\"og:description\" content=\"Elaz\u0131\u011f da kepenk , otomatik kepenk sistemleri, tel daraba, ferforje korkuluk sistemleriye Elaz\u0131\u011f da hizmetinizdeyiz.\" \/>\n<meta property=\"og:url\" content=\"https:\/\/ayisigikepenk.com.tr\/?page_id=2667\" \/>\n<meta property=\"og:site_name\" content=\"Ay I\u015f\u0131\u011f\u0131 Kepenk\" \/>\n<meta property=\"article:modified_time\" content=\"2025-01-01T20:31:04+00:00\" \/>\n<meta property=\"og:image\" content=\"https:\/\/ayisigikepenk.com.tr\/wp-content\/uploads\/2024\/10\/444.png\" \/>\n<meta name=\"twitter:card\" content=\"summary_large_image\" \/>\n<meta name=\"twitter:label1\" content=\"Tahmini okuma s\u00fcresi\" \/>\n\t<meta name=\"twitter:data1\" content=\"1 dakika\" \/>\n<script type=\"application\/ld+json\" class=\"yoast-schema-graph\">{\"@context\":\"https:\/\/schema.org\",\"@graph\":[{\"@type\":\"WebPage\",\"@id\":\"https:\/\/ayisigikepenk.com.tr\/?page_id=2667\",\"url\":\"https:\/\/ayisigikepenk.com.tr\/?page_id=2667\",\"name\":\"\u0130leti\u015fim - Ay I\u015f\u0131\u011f\u0131 Kepenk\",\"isPartOf\":{\"@id\":\"https:\/\/ayisigikepenk.com.tr\/#website\"},\"primaryImageOfPage\":{\"@id\":\"https:\/\/ayisigikepenk.com.tr\/?page_id=2667#primaryimage\"},\"image\":{\"@id\":\"https:\/\/ayisigikepenk.com.tr\/?page_id=2667#primaryimage\"},\"thumbnailUrl\":\"https:\/\/ayisigikepenk.com.tr\/wp-content\/uploads\/2024\/10\/444.png\",\"datePublished\":\"2024-01-06T17:35:03+00:00\",\"dateModified\":\"2025-01-01T20:31:04+00:00\",\"description\":\"Elaz\u0131\u011f da kepenk , otomatik kepenk sistemleri, tel daraba, ferforje korkuluk sistemleriye Elaz\u0131\u011f da hizmetinizdeyiz.\",\"breadcrumb\":{\"@id\":\"https:\/\/ayisigikepenk.com.tr\/?page_id=2667#breadcrumb\"},\"inLanguage\":\"tr\",\"potentialAction\":[{\"@type\":\"ReadAction\",\"target\":[\"https:\/\/ayisigikepenk.com.tr\/?page_id=2667\"]}]},{\"@type\":\"ImageObject\",\"inLanguage\":\"tr\",\"@id\":\"https:\/\/ayisigikepenk.com.tr\/?page_id=2667#primaryimage\",\"url\":\"https:\/\/ayisigikepenk.com.tr\/wp-content\/uploads\/2024\/10\/444.png\",\"contentUrl\":\"https:\/\/ayisigikepenk.com.tr\/wp-content\/uploads\/2024\/10\/444.png\",\"width\":689,\"height\":800},{\"@type\":\"BreadcrumbList\",\"@id\":\"https:\/\/ayisigikepenk.com.tr\/?page_id=2667#breadcrumb\",\"itemListElement\":[{\"@type\":\"ListItem\",\"position\":1,\"name\":\"Anasayfa\",\"item\":\"https:\/\/ayisigikepenk.com.tr\/\"},{\"@type\":\"ListItem\",\"position\":2,\"name\":\"\u0130leti\u015fim\"}]},{\"@type\":\"WebSite\",\"@id\":\"https:\/\/ayisigikepenk.com.tr\/#website\",\"url\":\"https:\/\/ayisigikepenk.com.tr\/\",\"name\":\"Ay I\u015f\u0131\u011f\u0131 Kepenk\",\"description\":\"Kalite ve Uygunluk\",\"publisher\":{\"@id\":\"https:\/\/ayisigikepenk.com.tr\/#\/schema\/person\/a58d312fe0852f96fefe36bae6c81a1e\"},\"potentialAction\":[{\"@type\":\"SearchAction\",\"target\":{\"@type\":\"EntryPoint\",\"urlTemplate\":\"https:\/\/ayisigikepenk.com.tr\/?s={search_term_string}\"},\"query-input\":{\"@type\":\"PropertyValueSpecification\",\"valueRequired\":true,\"valueName\":\"search_term_string\"}}],\"inLanguage\":\"tr\"},{\"@type\":[\"Person\",\"Organization\"],\"@id\":\"https:\/\/ayisigikepenk.com.tr\/#\/schema\/person\/a58d312fe0852f96fefe36bae6c81a1e\",\"name\":\"admin\",\"image\":{\"@type\":\"ImageObject\",\"inLanguage\":\"tr\",\"@id\":\"https:\/\/ayisigikepenk.com.tr\/#\/schema\/person\/image\/\",\"url\":\"https:\/\/ayisigikepenk.com.tr\/wp-content\/uploads\/2024\/01\/logo.png\",\"contentUrl\":\"https:\/\/ayisigikepenk.com.tr\/wp-content\/uploads\/2024\/01\/logo.png\",\"width\":790,\"height\":242,\"caption\":\"admin\"},\"logo\":{\"@id\":\"https:\/\/ayisigikepenk.com.tr\/#\/schema\/person\/image\/\"},\"sameAs\":[\"https:\/\/ayisigikepenk.com.tr\"]}]}<\/script>\n<!-- \/ Yoast SEO plugin. -->","yoast_head_json":{"title":"\u0130leti\u015fim - Ay I\u015f\u0131\u011f\u0131 Kepenk","description":"Elaz\u0131\u011f da kepenk , otomatik kepenk sistemleri, tel daraba, ferforje korkuluk sistemleriye Elaz\u0131\u011f da hizmetinizdeyiz.","robots":{"index":"index","follow":"follow","max-snippet":"max-snippet:-1","max-image-preview":"max-image-preview:large","max-video-preview":"max-video-preview:-1"},"canonical":"https:\/\/ayisigikepenk.com.tr\/?page_id=2667","og_locale":"tr_TR","og_type":"article","og_title":"\u0130leti\u015fim - Ay I\u015f\u0131\u011f\u0131 Kepenk","og_description":"Elaz\u0131\u011f da kepenk , otomatik kepenk sistemleri, tel daraba, ferforje korkuluk sistemleriye Elaz\u0131\u011f da hizmetinizdeyiz.","og_url":"https:\/\/ayisigikepenk.com.tr\/?page_id=2667","og_site_name":"Ay I\u015f\u0131\u011f\u0131 Kepenk","article_modified_time":"2025-01-01T20:31:04+00:00","og_image":[{"url":"https:\/\/ayisigikepenk.com.tr\/wp-content\/uploads\/2024\/10\/444.png","type":"","width":"","height":""}],"twitter_card":"summary_large_image","twitter_misc":{"Tahmini okuma s\u00fcresi":"1 dakika"},"schema":{"@context":"https:\/\/schema.org","@graph":[{"@type":"WebPage","@id":"https:\/\/ayisigikepenk.com.tr\/?page_id=2667","url":"https:\/\/ayisigikepenk.com.tr\/?page_id=2667","name":"\u0130leti\u015fim - Ay I\u015f\u0131\u011f\u0131 Kepenk","isPartOf":{"@id":"https:\/\/ayisigikepenk.com.tr\/#website"},"primaryImageOfPage":{"@id":"https:\/\/ayisigikepenk.com.tr\/?page_id=2667#primaryimage"},"image":{"@id":"https:\/\/ayisigikepenk.com.tr\/?page_id=2667#primaryimage"},"thumbnailUrl":"https:\/\/ayisigikepenk.com.tr\/wp-content\/uploads\/2024\/10\/444.png","datePublished":"2024-01-06T17:35:03+00:00","dateModified":"2025-01-01T20:31:04+00:00","description":"Elaz\u0131\u011f da kepenk , otomatik kepenk sistemleri, tel daraba, ferforje korkuluk sistemleriye Elaz\u0131\u011f da hizmetinizdeyiz.","breadcrumb":{"@id":"https:\/\/ayisigikepenk.com.tr\/?page_id=2667#breadcrumb"},"inLanguage":"tr","potentialAction":[{"@type":"ReadAction","target":["https:\/\/ayisigikepenk.com.tr\/?page_id=2667"]}]},{"@type":"ImageObject","inLanguage":"tr","@id":"https:\/\/ayisigikepenk.com.tr\/?page_id=2667#primaryimage","url":"https:\/\/ayisigikepenk.com.tr\/wp-content\/uploads\/2024\/10\/444.png","contentUrl":"https:\/\/ayisigikepenk.com.tr\/wp-content\/uploads\/2024\/10\/444.png","width":689,"height":800},{"@type":"BreadcrumbList","@id":"https:\/\/ayisigikepenk.com.tr\/?page_id=2667#breadcrumb","itemListElement":[{"@type":"ListItem","position":1,"name":"Anasayfa","item":"https:\/\/ayisigikepenk.com.tr\/"},{"@type":"ListItem","position":2,"name":"\u0130leti\u015fim"}]},{"@type":"WebSite","@id":"https:\/\/ayisigikepenk.com.tr\/#website","url":"https:\/\/ayisigikepenk.com.tr\/","name":"Ay I\u015f\u0131\u011f\u0131 Kepenk","description":"Kalite ve Uygunluk","publisher":{"@id":"https:\/\/ayisigikepenk.com.tr\/#\/schema\/person\/a58d312fe0852f96fefe36bae6c81a1e"},"potentialAction":[{"@type":"SearchAction","target":{"@type":"EntryPoint","urlTemplate":"https:\/\/ayisigikepenk.com.tr\/?s={search_term_string}"},"query-input":{"@type":"PropertyValueSpecification","valueRequired":true,"valueName":"search_term_string"}}],"inLanguage":"tr"},{"@type":["Person","Organization"],"@id":"https:\/\/ayisigikepenk.com.tr\/#\/schema\/person\/a58d312fe0852f96fefe36bae6c81a1e","name":"admin","image":{"@type":"ImageObject","inLanguage":"tr","@id":"https:\/\/ayisigikepenk.com.tr\/#\/schema\/person\/image\/","url":"https:\/\/ayisigikepenk.com.tr\/wp-content\/uploads\/2024\/01\/logo.png","contentUrl":"https:\/\/ayisigikepenk.com.tr\/wp-content\/uploads\/2024\/01\/logo.png","width":790,"height":242,"caption":"admin"},"logo":{"@id":"https:\/\/ayisigikepenk.com.tr\/#\/schema\/person\/image\/"},"sameAs":["https:\/\/ayisigikepenk.com.tr"]}]}},"_links":{"self":[{"href":"https:\/\/ayisigikepenk.com.tr\/index.php?rest_route=\/wp\/v2\/pages\/2667","targetHints":{"allow":["GET"]}}],"collection":[{"href":"https:\/\/ayisigikepenk.com.tr\/index.php?rest_route=\/wp\/v2\/pages"}],"about":[{"href":"https:\/\/ayisigikepenk.com.tr\/index.php?rest_route=\/wp\/v2\/types\/page"}],"author":[{"embeddable":true,"href":"https:\/\/ayisigikepenk.com.tr\/index.php?rest_route=\/wp\/v2\/users\/1"}],"replies":[{"embeddable":true,"href":"https:\/\/ayisigikepenk.com.tr\/index.php?rest_route=%2Fwp%2Fv2%2Fcomments&post=2667"}],"version-history":[{"count":23,"href":"https:\/\/ayisigikepenk.com.tr\/index.php?rest_route=\/wp\/v2\/pages\/2667\/revisions"}],"predecessor-version":[{"id":3251,"href":"https:\/\/ayisigikepenk.com.tr\/index.php?rest_route=\/wp\/v2\/pages\/2667\/revisions\/3251"}],"wp:attachment":[{"href":"https:\/\/ayisigikepenk.com.tr\/index.php?rest_route=%2Fwp%2Fv2%2Fmedia&parent=2667"}],"curies":[{"name":"wp","href":"https:\/\/api.w.org\/{rel}","templated":true}]}}